{"id":42,"date":"2023-10-11T07:41:12","date_gmt":"2023-10-11T07:41:12","guid":{"rendered":"https:\/\/aestheticstudio-no.tbwebsite.com\/?page_id=42"},"modified":"2025-12-05T12:39:23","modified_gmt":"2025-12-05T12:39:23","slug":"kontakt-oss","status":"publish","type":"page","link":"https:\/\/aestheticstudio-no.tbwebsite.com\/en\/kontakt-oss\/","title":{"rendered":"Contact us"},"content":{"rendered":"<div data-elementor-type=\"wp-page\" data-elementor-id=\"42\" class=\"elementor elementor-42\" data-elementor-post-type=\"page\">\n\t\t\t\t\t\t<section class=\"elementor-section elementor-top-section elementor-element elementor-element-c8b8fdc elementor-section-boxed elementor-section-height-default elementor-section-height-default\" data-id=\"c8b8fdc\" data-element_type=\"section\">\n\t\t\t\t\t\t<div class=\"elementor-container elementor-column-gap-default\">\n\t\t\t\t\t<div class=\"elementor-column elementor-col-100 elementor-top-column elementor-element elementor-element-f24299e\" data-id=\"f24299e\" data-element_type=\"column\">\n\t\t\t<div class=\"elementor-widget-wrap elementor-element-populated\">\n\t\t\t\t\t\t<div class=\"elementor-element elementor-element-42bfbcf elementor-widget elementor-widget-heading\" data-id=\"42bfbcf\" data-element_type=\"widget\" data-widget_type=\"heading.default\">\n\t\t\t\t<div class=\"elementor-widget-container\">\n\t\t\t\t\t<h1 class=\"elementor-heading-title elementor-size-default\">Contact<\/h1>\t\t\t\t<\/div>\n\t\t\t\t<\/div>\n\t\t\t\t\t<\/div>\n\t\t<\/div>\n\t\t\t\t\t<\/div>\n\t\t<\/section>\n\t\t\t\t<section class=\"elementor-section elementor-top-section elementor-element elementor-element-76a7cff elementor-section-boxed elementor-section-height-default elementor-section-height-default\" data-id=\"76a7cff\" data-element_type=\"section\">\n\t\t\t\t\t\t<div class=\"elementor-container elementor-column-gap-default\">\n\t\t\t\t\t<div class=\"elementor-column elementor-col-50 elementor-top-column elementor-element elementor-element-936b6a5\" data-id=\"936b6a5\" data-element_type=\"column\">\n\t\t\t<div class=\"elementor-widget-wrap elementor-element-populated\">\n\t\t\t\t\t\t<div class=\"elementor-element elementor-element-91d82ee elementor-widget elementor-widget-heading\" data-id=\"91d82ee\" data-element_type=\"widget\" data-widget_type=\"heading.default\">\n\t\t\t\t<div class=\"elementor-widget-container\">\n\t\t\t\t\t<h5 class=\"elementor-heading-title elementor-size-default\">Contact info<\/h5>\t\t\t\t<\/div>\n\t\t\t\t<\/div>\n\t\t\t\t<div class=\"elementor-element elementor-element-0d1fe61 elementor-hidden-mobile elementor-widget elementor-widget-text-editor\" data-id=\"0d1fe61\" data-element_type=\"widget\" data-widget_type=\"text-editor.default\">\n\t\t\t\t<div class=\"elementor-widget-container\">\n\t\t\t\t\t\t\t\t\t<p>Have a question? You can find answers in our FAQs on each treatment page. But you can also contact us by phone, e-mail, or using the contact form on the right.<\/p><p><strong>Telefon:<\/strong><br \/><a href=\"tel:461 20 290\">461 20 290<\/a><br \/>Weekdays 09.00-17.00<\/p><p><strong>Email:<\/strong><br \/><a href=\"mailto:post@aestheticstudio.no\">post@aestheticstudio.no<\/a><\/p><p><strong>Our clinic:<\/strong><br \/><a href=\"https:\/\/goo.gl\/maps\/ddyyULTp9QDyvHnQ9\" target=\"_blank\" rel=\"nofollow noopener\">Riddervoldsgate 12 Riddervoldsplass, Frogner, 0258 Oslo<\/a><\/p><p>Our newly refurbished premises at Frogner are centrally located in Oslo with good public transport connections. Bus no. 21 and tram no. 11 stop at Riddervoldsplass and are in the immediate vicinity of the premises.<\/p><p>If you come by car, there is street parking in the neighbourhood. Be aware that these often get full in the afternoon.<\/p>\t\t\t\t\t\t\t\t<\/div>\n\t\t\t\t<\/div>\n\t\t\t\t<div class=\"elementor-element elementor-element-623645f elementor-hidden-desktop elementor-hidden-tablet elementor-widget elementor-widget-text-editor\" data-id=\"623645f\" data-element_type=\"widget\" data-widget_type=\"text-editor.default\">\n\t\t\t\t<div class=\"elementor-widget-container\">\n\t\t\t\t\t\t\t\t\t<p>Have a question? You can find answers in our FAQs on each treatment page. But you can also contact us by phone, e-mail, or using the contact form on the bottom.<\/p><p><strong>Telefon:<\/strong><br \/><a href=\"tel:461 20 290\">461 20 290<\/a><br \/>Weekdays 09.00-17.00<\/p><p><strong>Email:<\/strong><br \/><a href=\"mailto:post@aestheticstudio.no\">post@aestheticstudio.no<\/a><\/p><p><strong>Our clinic:<\/strong><br \/><a href=\"https:\/\/goo.gl\/maps\/ddyyULTp9QDyvHnQ9\" target=\"_blank\" rel=\"nofollow noopener\">Riddervoldsgate 12 Riddervoldsplass, Frogner, 0258 Oslo<\/a><\/p><p>Our newly refurbished premises at Frogner are centrally located in Oslo with good public transport connections. Bus no. 21 and tram no. 11 stop at Riddervoldsplass and are in the immediate vicinity of the premises.<\/p><p>If you come by car, there is street parking in the neighbourhood. Be aware that these often get full in the afternoon.<\/p>\t\t\t\t\t\t\t\t<\/div>\n\t\t\t\t<\/div>\n\t\t\t\t\t<\/div>\n\t\t<\/div>\n\t\t\t\t<div class=\"elementor-column elementor-col-50 elementor-top-column elementor-element elementor-element-83c827d\" data-id=\"83c827d\" data-element_type=\"column\">\n\t\t\t<div class=\"elementor-widget-wrap elementor-element-populated\">\n\t\t\t\t\t\t<div class=\"elementor-element elementor-element-f469982 elementor-mobile-button-align-stretch elementor-button-align-end elementor-widget__width-initial elementor-widget elementor-widget-form\" data-id=\"f469982\" data-element_type=\"widget\" data-settings=\"{&quot;step_next_label&quot;:&quot;Neste&quot;,&quot;step_previous_label&quot;:&quot;Tidligere&quot;,&quot;step_type&quot;:&quot;progress_bar&quot;,&quot;button_width&quot;:&quot;100&quot;}\" data-widget_type=\"form.default\">\n\t\t\t\t<div class=\"elementor-widget-container\">\n\t\t\t\t\t\t\t<form class=\"elementor-form\" method=\"post\" name=\"Kontakt\" aria-label=\"Contact\" action=\"\">\n\t\t\t<input type=\"hidden\" name=\"post_id\" value=\"42\"\/>\n\t\t\t<input type=\"hidden\" name=\"form_id\" value=\"f469982\"\/>\n\t\t\t<input type=\"hidden\" name=\"referer_title\" value=\"Kontakt oss - Aesthetic Studio Oslo\" \/>\n\n\t\t\t\t\t\t\t<input type=\"hidden\" name=\"queried_id\" value=\"42\"\/>\n\t\t\t\n\t\t\t<div class=\"elementor-form-fields-wrapper elementor-labels-above\">\n\t\t\t\t\t\t\t\t<div class=\"elementor-field-type-text elementor-field-group elementor-column elementor-field-group-field_31b6b42 elementor-col-100 elementor-field-required\">\n\t\t\t\t\t\t\t\t\t\t\t\t<label for=\"form-field-field_31b6b42\" class=\"elementor-field-label\">\n\t\t\t\t\t\t\t\tFirst name\t\t\t\t\t\t\t<\/label>\n\t\t\t\t\t\t\t\t\t\t\t\t\t\t<input size=\"1\" type=\"text\" name=\"form_fields[field_31b6b42]\" id=\"form-field-field_31b6b42\" class=\"elementor-field elementor-size-sm  elementor-field-textual\" placeholder=\"Your first name\" required=\"required\">\n\t\t\t\t\t\t\t\t\t\t\t<\/div>\n\t\t\t\t\t\t\t\t<div class=\"elementor-field-type-text elementor-field-group elementor-column elementor-field-group-field_26c9c34 elementor-col-100 elementor-field-required\">\n\t\t\t\t\t\t\t\t\t\t\t\t<label for=\"form-field-field_26c9c34\" class=\"elementor-field-label\">\n\t\t\t\t\t\t\t\tLast name\t\t\t\t\t\t\t<\/label>\n\t\t\t\t\t\t\t\t\t\t\t\t\t\t<input size=\"1\" type=\"text\" name=\"form_fields[field_26c9c34]\" id=\"form-field-field_26c9c34\" class=\"elementor-field elementor-size-sm  elementor-field-textual\" placeholder=\"Your last name\" required=\"required\">\n\t\t\t\t\t\t\t\t\t\t\t<\/div>\n\t\t\t\t\t\t\t\t<div class=\"elementor-field-type-email elementor-field-group elementor-column elementor-field-group-field_d93ec19 elementor-col-100 elementor-field-required\">\n\t\t\t\t\t\t\t\t\t\t\t\t<label for=\"form-field-field_d93ec19\" class=\"elementor-field-label\">\n\t\t\t\t\t\t\t\tEmail\t\t\t\t\t\t\t<\/label>\n\t\t\t\t\t\t\t\t\t\t\t\t\t\t<input size=\"1\" type=\"email\" name=\"form_fields[field_d93ec19]\" id=\"form-field-field_d93ec19\" class=\"elementor-field elementor-size-sm  elementor-field-textual\" placeholder=\"Your email\" required=\"required\">\n\t\t\t\t\t\t\t\t\t\t\t<\/div>\n\t\t\t\t\t\t\t\t<div class=\"elementor-field-type-tel elementor-field-group elementor-column elementor-field-group-field_b8936e8 elementor-col-100\">\n\t\t\t\t\t\t\t\t\t\t\t\t<label for=\"form-field-field_b8936e8\" class=\"elementor-field-label\">\n\t\t\t\t\t\t\t\tPhone\t\t\t\t\t\t\t<\/label>\n\t\t\t\t\t\t\t\t<input size=\"1\" type=\"tel\" name=\"form_fields[field_b8936e8]\" id=\"form-field-field_b8936e8\" class=\"elementor-field elementor-size-sm  elementor-field-textual\" placeholder=\"Your phone number\" pattern=\"[0-9()#&amp;+*-=.]+\" title=\"Only numbers and phone characters (#, -, *, etc) are accepted.\" data-no-translation-title=\"\">\n\n\t\t\t\t\t\t<\/div>\n\t\t\t\t\t\t\t\t<div class=\"elementor-field-type-textarea elementor-field-group elementor-column elementor-field-group-field_cbf2db5 elementor-col-100 elementor-field-required\">\n\t\t\t\t\t\t\t\t\t\t\t\t<label for=\"form-field-field_cbf2db5\" class=\"elementor-field-label\">\n\t\t\t\t\t\t\t\tMessage\t\t\t\t\t\t\t<\/label>\n\t\t\t\t\t\t<textarea class=\"elementor-field-textual elementor-field  elementor-size-sm\" name=\"form_fields[field_cbf2db5]\" id=\"form-field-field_cbf2db5\" rows=\"4\" placeholder=\"Let us know if you have any questions regarding your treatment.\" required=\"required\"><\/textarea>\t\t\t\t<\/div>\n\t\t\t\t\t\t\t\t<div class=\"elementor-field-type-acceptance elementor-field-group elementor-column elementor-field-group-field_743e405 elementor-col-100\">\n\t\t\t\t\t\t\t<div class=\"elementor-field-subgroup\">\n\t\t\t<span class=\"elementor-field-option\">\n\t\t\t\t<input type=\"checkbox\" name=\"form_fields[field_743e405]\" id=\"form-field-field_743e405\" class=\"elementor-field elementor-size-sm  elementor-acceptance-field\">\n\t\t\t\t<label for=\"form-field-field_743e405\"><span style=\"font-size:14px; margin-left:10px;\">By sending this message, you agree that we will store the personal information you have chosen to provide.<\/span><\/label>\t\t\t<\/span>\n\t\t<\/div>\n\t\t\t\t\t\t<\/div>\n\t\t\t\t\t\t\t\t<div class=\"elementor-field-type-recaptcha_v3 elementor-field-group elementor-column elementor-field-group-field_95192b4 elementor-col-100 recaptcha_v3-bottomright\">\n\t\t\t\t\t<div class=\"elementor-field\" id=\"form-field-field_95192b4\"><div class=\"elementor-g-recaptcha\" data-sitekey=\"6LeOok0pAAAAAJIW11DmF0u5GqxOM6Y7QeYvCM1x\" data-type=\"v3\" data-action=\"Form\" data-badge=\"bottomright\" data-size=\"invisible\"><\/div><\/div>\t\t\t\t<\/div>\n\t\t\t\t\t\t\t\t<div class=\"elementor-field-group elementor-column elementor-field-type-submit elementor-col-100 e-form__buttons\">\n\t\t\t\t\t<button class=\"elementor-button elementor-size-xs\" type=\"submit\">\n\t\t\t\t\t\t<span class=\"elementor-button-content-wrapper\">\n\t\t\t\t\t\t\t\t\t\t\t\t\t\t\t\t\t\t\t\t\t\t<span class=\"elementor-button-text\">Send<\/span>\n\t\t\t\t\t\t\t\t\t\t\t\t\t<\/span>\n\t\t\t\t\t<\/button>\n\t\t\t\t<\/div>\n\t\t\t<\/div>\n\t\t<input type=\"hidden\" name=\"trp-form-language\" value=\"en\"\/><\/form>\n\t\t\t\t\t\t<\/div>\n\t\t\t\t<\/div>\n\t\t\t\t<div class=\"elementor-element elementor-element-afef49b elementor-widget elementor-widget-text-editor\" data-id=\"afef49b\" data-element_type=\"widget\" data-widget_type=\"text-editor.default\">\n\t\t\t\t<div class=\"elementor-widget-container\">\n\t\t\t\t\t\t\t\t\t<p>This website is protected by reCAPTCHA and Google's <a href=\"https:\/\/policies.google.com\/privacy\" target=\"_blank\" rel=\"noopener\">privacy rules<\/a> and <a href=\"https:\/\/policies.google.com\/terms\" target=\"_blank\" rel=\"noopener\">terms of use<\/a> apply.<\/p>\t\t\t\t\t\t\t\t<\/div>\n\t\t\t\t<\/div>\n\t\t\t\t\t<\/div>\n\t\t<\/div>\n\t\t\t\t\t<\/div>\n\t\t<\/section>\n\t\t\t\t<\/div>","protected":false},"excerpt":{"rendered":"<p>Kontakt kontaktinfo Har et sp\u00f8rsm\u00e5l? Du kan finne svar i v\u00e5re FAQs p\u00e5 hver behandlings side. Men du kan ogs\u00e5 kontakte oss p\u00e5 telefon, e-post, eller p\u00e5 kontaktskjemaet til h\u00f8yre. Telefon:461 20 290Hverdager 09.00-17.00 E-post:post@aestheticstudio.no V\u00e5ra lokaler:Riddervoldsgate 12 Riddervoldsplass, Frogner, 0258 Oslo De nyoppussede lokalene v\u00e5re p\u00e5 Frogner ligger sentralt i Oslo med gode kollektivforbindelser. [&hellip;]<\/p>","protected":false},"author":1,"featured_media":0,"parent":0,"menu_order":0,"comment_status":"closed","ping_status":"closed","template":"","meta":{"footnotes":""},"class_list":["post-42","page","type-page","status-publish","hentry"],"_links":{"self":[{"href":"https:\/\/aestheticstudio-no.tbwebsite.com\/en\/wp-json\/wp\/v2\/pages\/42","targetHints":{"allow":["GET"]}}],"collection":[{"href":"https:\/\/aestheticstudio-no.tbwebsite.com\/en\/wp-json\/wp\/v2\/pages"}],"about":[{"href":"https:\/\/aestheticstudio-no.tbwebsite.com\/en\/wp-json\/wp\/v2\/types\/page"}],"author":[{"embeddable":true,"href":"https:\/\/aestheticstudio-no.tbwebsite.com\/en\/wp-json\/wp\/v2\/users\/1"}],"replies":[{"embeddable":true,"href":"https:\/\/aestheticstudio-no.tbwebsite.com\/en\/wp-json\/wp\/v2\/comments?post=42"}],"version-history":[{"count":46,"href":"https:\/\/aestheticstudio-no.tbwebsite.com\/en\/wp-json\/wp\/v2\/pages\/42\/revisions"}],"predecessor-version":[{"id":2173,"href":"https:\/\/aestheticstudio-no.tbwebsite.com\/en\/wp-json\/wp\/v2\/pages\/42\/revisions\/2173"}],"wp:attachment":[{"href":"https:\/\/aestheticstudio-no.tbwebsite.com\/en\/wp-json\/wp\/v2\/media?parent=42"}],"curies":[{"name":"wp","href":"https:\/\/api.w.org\/{rel}","templated":true}]}}